{"id":2075,"date":"2023-11-25T08:48:55","date_gmt":"2023-11-25T08:48:55","guid":{"rendered":"https:\/\/induserwis.pl\/uslugi\/?page_id=2075"},"modified":"2023-11-25T08:58:27","modified_gmt":"2023-11-25T08:58:27","slug":"polityka-prywatnosci","status":"publish","type":"page","link":"https:\/\/induserwis.pl\/uslugi\/polityka-prywatnosci\/","title":{"rendered":"Polityka prywatno\u015bci"},"content":{"rendered":"\t\t<div data-elementor-type=\"wp-page\" data-elementor-id=\"2075\" class=\"elementor elementor-2075\" data-elementor-post-type=\"page\">\n\t\t\t\t\t\t\t\t\t<section class=\"elementor-section elementor-top-section elementor-element elementor-element-efc63a1 elementor-section-full_width elementor-section-stretched elementor-section-height-default elementor-section-height-default\" data-id=\"efc63a1\" data-element_type=\"section\" data-settings=\"{&quot;stretch_section&quot;:&quot;section-stretched&quot;,&quot;background_background&quot;:&quot;gradient&quot;}\">\n\t\t\t\t\t\t<div class=\"elementor-container elementor-column-gap-default\">\n\t\t\t\t\t<div class=\"elementor-column elementor-col-100 elementor-top-column elementor-element elementor-element-cd47311\" data-id=\"cd47311\" data-element_type=\"column\">\n\t\t\t<div class=\"elementor-widget-wrap elementor-element-populated\">\n\t\t\t\t\t\t\t\t<div class=\"elementor-element elementor-element-d6f04be elementor-widget elementor-widget-heading\" data-id=\"d6f04be\" data-element_type=\"widget\" data-widget_type=\"heading.default\">\n\t\t\t\t<div class=\"elementor-widget-container\">\n\t\t\t<style>\/*! elementor - v3.17.0 - 08-11-2023 *\/\n.elementor-heading-title{padding:0;margin:0;line-height:1}.elementor-widget-heading .elementor-heading-title[class*=elementor-size-]>a{color:inherit;font-size:inherit;line-height:inherit}.elementor-widget-heading .elementor-heading-title.elementor-size-small{font-size:15px}.elementor-widget-heading .elementor-heading-title.elementor-size-medium{font-size:19px}.elementor-widget-heading .elementor-heading-title.elementor-size-large{font-size:29px}.elementor-widget-heading .elementor-heading-title.elementor-size-xl{font-size:39px}.elementor-widget-heading .elementor-heading-title.elementor-size-xxl{font-size:59px}<\/style><h2 class=\"elementor-heading-title elementor-size-default\">POLITYKA PRYWATNO\u015aCI<\/h2>\t\t<\/div>\n\t\t\t\t<\/div>\n\t\t\t\t\t<\/div>\n\t\t<\/div>\n\t\t\t\t\t\t\t<\/div>\n\t\t<\/section>\n\t\t\t\t<section class=\"elementor-section elementor-top-section elementor-element elementor-element-4772a6d elementor-section-boxed elementor-section-height-default elementor-section-height-default\" data-id=\"4772a6d\" data-element_type=\"section\">\n\t\t\t\t\t\t<div class=\"elementor-container elementor-column-gap-default\">\n\t\t\t\t\t<div class=\"elementor-column elementor-col-100 elementor-top-column elementor-element elementor-element-4507457\" data-id=\"4507457\" data-element_type=\"column\">\n\t\t\t<div class=\"elementor-widget-wrap elementor-element-populated\">\n\t\t\t\t\t\t\t\t<div class=\"elementor-element elementor-element-f0f85d0 elementor-widget elementor-widget-text-editor\" data-id=\"f0f85d0\" data-element_type=\"widget\" data-widget_type=\"text-editor.default\">\n\t\t\t\t<div class=\"elementor-widget-container\">\n\t\t\t<style>\/*! elementor - v3.17.0 - 08-11-2023 *\/\n.elementor-widget-text-editor.elementor-drop-cap-view-stacked .elementor-drop-cap{background-color:#69727d;color:#fff}.elementor-widget-text-editor.elementor-drop-cap-view-framed .elementor-drop-cap{color:#69727d;border:3px solid;background-color:transparent}.elementor-widget-text-editor:not(.elementor-drop-cap-view-default) .elementor-drop-cap{margin-top:8px}.elementor-widget-text-editor:not(.elementor-drop-cap-view-default) .elementor-drop-cap-letter{width:1em;height:1em}.elementor-widget-text-editor .elementor-drop-cap{float:left;text-align:center;line-height:1;font-size:50px}.elementor-widget-text-editor .elementor-drop-cap-letter{display:inline-block}<\/style>\t\t\t\t<p>Niniejsza Polityka Prywatno\u015bci okre\u015bla zasady przetwarzania i ochrony danych osobowych przekazanych przez u\u017cytkownik\u00f3w w zwi\u0105zku z korzystaniem z us\u0142ug \u015bwiadczonych przez firm\u0119 Induserwis Sp.z o.o. poprzez jej stron\u0119 internetow\u0105.<\/p><ol><li><strong>Administratorem danych osobowych<\/strong><\/li><\/ol><p>Administratorem danych osobowych przekazanych przez u\u017cytkownik\u00f3w jest firma Induserwis Sp.z o.o. z siedzib\u0105 w Obrowcu, wpisana do Krajowego Rejestru S\u0105dowego pod numerem 0000644851, NIP: 1990114587, REGON: 36577345200000.<\/p><ol start=\"2\"><li><strong>Cele przetwarzania danych<\/strong><\/li><\/ol><p>Dane osobowe przekazywane przez u\u017cytkownik\u00f3w s\u0105 przetwarzane w celu umo\u017cliwienia korzystania z us\u0142ug \u015bwiadczonych przez firm\u0119 Induserwis Sp.z o.o., w tym w celach:<\/p><p>a. realizacji zam\u00f3wie\u0144 i \u015bwiadczenia us\u0142ug,<\/p><p>b. obs\u0142ugi zapyta\u0144 i wiadomo\u015bci przekazywanych poprzez formularze kontaktowe,<\/p><p>c. prowadzenia dzia\u0142a\u0144 marketingowych, je\u017celi u\u017cytkownik wyrazi\u0142 na to zgod\u0119.<\/p><ol start=\"3\"><li><strong>Pliki cookies<\/strong><\/li><\/ol><p>Strona internetowa firmy Induserwis Sp.z o.o. korzysta z plik\u00f3w cookies. Pliki cookies to niewielkie pliki tekstowe wysy\u0142ane przez serwer internetowy i przechowywane przez przegl\u0105dark\u0119 internetow\u0105 u\u017cytkownika. S\u0105 one wykorzystywane w celu dostosowania zawarto\u015bci strony do preferencji u\u017cytkownika, optymalizacji korzystania ze strony oraz w celach statystycznych.<\/p><p>U\u017cytkownik ma mo\u017cliwo\u015b\u0107 samodzielnej zmiany ustawie\u0144 dotycz\u0105cych plik\u00f3w cookies w swojej przegl\u0105darce internetowej. Ograniczenie korzystania z plik\u00f3w cookies mo\u017ce wp\u0142yn\u0105\u0107 na funkcjonalno\u015b\u0107 niekt\u00f3rych element\u00f3w strony.<\/p><ol start=\"4\"><li><strong>Google Analytics<\/strong><\/li><\/ol><p>Firma Induserwis Sp.z o.o. korzysta z narz\u0119dzia Google Analytics w celu zbierania informacji o sposobie korzystania ze strony przez u\u017cytkownik\u00f3w. Google Analytics wykorzystuje pliki cookies do gromadzenia danych, takich jak czas sp\u0119dzony na stronie, odwiedzone podstrony, rodzaj przegl\u0105darki itp. Dane te s\u0105 wykorzystywane w celu analizy statystyk i poprawy jako\u015bci \u015bwiadczonych us\u0142ug.<\/p><ol start=\"5\"><li><strong>Prawa u\u017cytkownik\u00f3w<\/strong><\/li><\/ol><p>U\u017cytkownicy maj\u0105 prawo dost\u0119pu do swoich danych, ich poprawiania, usuni\u0119cia, ograniczenia przetwarzania, przenoszenia, wycofania zgody w dowolnym momencie bez wp\u0142ywu na zgodno\u015b\u0107 z prawem przetwarzania, a tak\u017ce wniesienia skargi do organu nadzorczego.<\/p><ol start=\"6\"><li><strong>Kontakt<\/strong><\/li><\/ol><p>W sprawach zwi\u0105zanych z przetwarzaniem danych osobowych oraz w celu realizacji praw u\u017cytkownik\u00f3w, mo\u017cna kontaktowa\u0107 si\u0119 z firm\u0105 Induserwis Sp.z o.o. pod adresem e-mail: info@induserwis.pl.<\/p><p>Niniejsza Polityka Prywatno\u015bci obowi\u0105zuje od 25.11.2023 i mo\u017ce podlega\u0107 aktualizacjom. Wszelkie zmiany zostan\u0105 opublikowane na stronie internetowej firmy Induserwis Sp.z o.o.<\/p>\t\t\t\t\t\t<\/div>\n\t\t\t\t<\/div>\n\t\t\t\t\t<\/div>\n\t\t<\/div>\n\t\t\t\t\t\t\t<\/div>\n\t\t<\/section>\n\t\t\t\t\t\t\t<\/div>\n\t\t","protected":false},"excerpt":{"rendered":"<p>POLITYKA PRYWATNO\u015aCI Niniejsza Polityka Prywatno\u015bci okre\u015bla zasady przetwarzania i ochrony danych osobowych przekazanych przez u\u017cytkownik\u00f3w w zwi\u0105zku z korzystaniem z us\u0142ug \u015bwiadczonych przez firm\u0119 Induserwis Sp.z o.o. poprzez jej stron\u0119 internetow\u0105. Administratorem danych osobowych Administratorem danych osobowych przekazanych przez u\u017cytkownik\u00f3w jest firma Induserwis Sp.z o.o. z siedzib\u0105 w Obrowcu, wpisana do Krajowego Rejestru S\u0105dowego pod&hellip;&nbsp;<a href=\"https:\/\/induserwis.pl\/uslugi\/polityka-prywatnosci\/\" class=\"\" rel=\"bookmark\">Czytaj dalej &raquo;<span class=\"screen-reader-text\">Polityka prywatno\u015bci<\/span><\/a><\/p>\n","protected":false},"author":1,"featured_media":0,"parent":0,"menu_order":0,"comment_status":"closed","ping_status":"closed","template":"page-templates\/template-pagebuilder-full-width.php","meta":{"_monsterinsights_skip_tracking":false,"_monsterinsights_sitenote_active":false,"_monsterinsights_sitenote_note":"","_monsterinsights_sitenote_category":0,"neve_meta_sidebar":"","neve_meta_container":"","neve_meta_enable_content_width":"","neve_meta_content_width":0,"neve_meta_title_alignment":"","neve_meta_author_avatar":"","neve_post_elements_order":"","neve_meta_disable_header":"","neve_meta_disable_footer":"","neve_meta_disable_title":"","footnotes":""},"aioseo_notices":[],"yoast_head":"<!-- This site is optimized with the Yoast SEO plugin v21.6 - https:\/\/yoast.com\/wordpress\/plugins\/seo\/ -->\n<title>Polityka prywatno\u015bci - INDUSERWIS<\/title>\n<meta name=\"description\" content=\"Polityka prywatno\u015bci INDUSERWIS\" \/>\n<meta name=\"robots\" content=\"index, follow, max-snippet:-1, max-image-preview:large, max-video-preview:-1\" \/>\n<link rel=\"canonical\" href=\"https:\/\/induserwis.pl\/uslugi\/polityka-prywatnosci\/\" \/>\n<meta property=\"og:locale\" content=\"pl_PL\" \/>\n<meta property=\"og:type\" content=\"article\" \/>\n<meta property=\"og:title\" content=\"Polityka prywatno\u015bci - INDUSERWIS\" \/>\n<meta property=\"og:description\" content=\"Polityka prywatno\u015bci INDUSERWIS\" \/>\n<meta property=\"og:url\" content=\"https:\/\/induserwis.pl\/uslugi\/polityka-prywatnosci\/\" \/>\n<meta property=\"og:site_name\" content=\"INDUSERWIS\" \/>\n<meta property=\"article:publisher\" content=\"https:\/\/www.facebook.com\/induserwis\" \/>\n<meta property=\"article:modified_time\" content=\"2023-11-25T08:58:27+00:00\" \/>\n<meta property=\"og:image\" content=\"https:\/\/induserwis.pl\/uslugi\/wp-content\/uploads\/2023\/03\/cropped-LOGO-IKONA.png\" \/>\n\t<meta property=\"og:image:width\" content=\"512\" \/>\n\t<meta property=\"og:image:height\" content=\"512\" \/>\n\t<meta property=\"og:image:type\" content=\"image\/png\" \/>\n<meta name=\"twitter:card\" content=\"summary_large_image\" \/>\n<meta name=\"twitter:label1\" content=\"Szacowany czas czytania\" \/>\n\t<meta name=\"twitter:data1\" content=\"2 minuty\" \/>\n<script type=\"application\/ld+json\" class=\"yoast-schema-graph\">{\"@context\":\"https:\/\/schema.org\",\"@graph\":[{\"@type\":\"WebPage\",\"@id\":\"https:\/\/induserwis.pl\/uslugi\/polityka-prywatnosci\/\",\"url\":\"https:\/\/induserwis.pl\/uslugi\/polityka-prywatnosci\/\",\"name\":\"Polityka prywatno\u015bci - INDUSERWIS\",\"isPartOf\":{\"@id\":\"https:\/\/induserwis.pl\/uslugi\/#website\"},\"datePublished\":\"2023-11-25T08:48:55+00:00\",\"dateModified\":\"2023-11-25T08:58:27+00:00\",\"description\":\"Polityka prywatno\u015bci INDUSERWIS\",\"breadcrumb\":{\"@id\":\"https:\/\/induserwis.pl\/uslugi\/polityka-prywatnosci\/#breadcrumb\"},\"inLanguage\":\"pl-PL\",\"potentialAction\":[{\"@type\":\"ReadAction\",\"target\":[\"https:\/\/induserwis.pl\/uslugi\/polityka-prywatnosci\/\"]}]},{\"@type\":\"BreadcrumbList\",\"@id\":\"https:\/\/induserwis.pl\/uslugi\/polityka-prywatnosci\/#breadcrumb\",\"itemListElement\":[{\"@type\":\"ListItem\",\"position\":1,\"name\":\"Strona g\u0142\u00f3wna\",\"item\":\"https:\/\/induserwis.pl\/uslugi\/\"},{\"@type\":\"ListItem\",\"position\":2,\"name\":\"Polityka prywatno\u015bci\"}]},{\"@type\":\"WebSite\",\"@id\":\"https:\/\/induserwis.pl\/uslugi\/#website\",\"url\":\"https:\/\/induserwis.pl\/uslugi\/\",\"name\":\"INDUSERWIS\",\"description\":\"\",\"publisher\":{\"@id\":\"https:\/\/induserwis.pl\/uslugi\/#organization\"},\"potentialAction\":[{\"@type\":\"SearchAction\",\"target\":{\"@type\":\"EntryPoint\",\"urlTemplate\":\"https:\/\/induserwis.pl\/uslugi\/?s={search_term_string}\"},\"query-input\":\"required name=search_term_string\"}],\"inLanguage\":\"pl-PL\"},{\"@type\":\"Organization\",\"@id\":\"https:\/\/induserwis.pl\/uslugi\/#organization\",\"name\":\"INDUSERWIS\",\"alternateName\":\"INDUSERWIS\",\"url\":\"https:\/\/induserwis.pl\/uslugi\/\",\"logo\":{\"@type\":\"ImageObject\",\"inLanguage\":\"pl-PL\",\"@id\":\"https:\/\/induserwis.pl\/uslugi\/#\/schema\/logo\/image\/\",\"url\":\"https:\/\/induserwis.pl\/uslugi\/wp-content\/uploads\/2023\/03\/Propozycja-1.png\",\"contentUrl\":\"https:\/\/induserwis.pl\/uslugi\/wp-content\/uploads\/2023\/03\/Propozycja-1.png\",\"width\":548,\"height\":94,\"caption\":\"INDUSERWIS\"},\"image\":{\"@id\":\"https:\/\/induserwis.pl\/uslugi\/#\/schema\/logo\/image\/\"},\"sameAs\":[\"https:\/\/www.facebook.com\/induserwis\"]}]}<\/script>\n<!-- \/ Yoast SEO plugin. -->","yoast_head_json":{"title":"Polityka prywatno\u015bci - INDUSERWIS","description":"Polityka prywatno\u015bci INDUSERWIS","robots":{"index":"index","follow":"follow","max-snippet":"max-snippet:-1","max-image-preview":"max-image-preview:large","max-video-preview":"max-video-preview:-1"},"canonical":"https:\/\/induserwis.pl\/uslugi\/polityka-prywatnosci\/","og_locale":"pl_PL","og_type":"article","og_title":"Polityka prywatno\u015bci - INDUSERWIS","og_description":"Polityka prywatno\u015bci INDUSERWIS","og_url":"https:\/\/induserwis.pl\/uslugi\/polityka-prywatnosci\/","og_site_name":"INDUSERWIS","article_publisher":"https:\/\/www.facebook.com\/induserwis","article_modified_time":"2023-11-25T08:58:27+00:00","og_image":[{"width":512,"height":512,"url":"https:\/\/induserwis.pl\/uslugi\/wp-content\/uploads\/2023\/03\/cropped-LOGO-IKONA.png","type":"image\/png"}],"twitter_card":"summary_large_image","twitter_misc":{"Szacowany czas czytania":"2 minuty"},"schema":{"@context":"https:\/\/schema.org","@graph":[{"@type":"WebPage","@id":"https:\/\/induserwis.pl\/uslugi\/polityka-prywatnosci\/","url":"https:\/\/induserwis.pl\/uslugi\/polityka-prywatnosci\/","name":"Polityka prywatno\u015bci - INDUSERWIS","isPartOf":{"@id":"https:\/\/induserwis.pl\/uslugi\/#website"},"datePublished":"2023-11-25T08:48:55+00:00","dateModified":"2023-11-25T08:58:27+00:00","description":"Polityka prywatno\u015bci INDUSERWIS","breadcrumb":{"@id":"https:\/\/induserwis.pl\/uslugi\/polityka-prywatnosci\/#breadcrumb"},"inLanguage":"pl-PL","potentialAction":[{"@type":"ReadAction","target":["https:\/\/induserwis.pl\/uslugi\/polityka-prywatnosci\/"]}]},{"@type":"BreadcrumbList","@id":"https:\/\/induserwis.pl\/uslugi\/polityka-prywatnosci\/#breadcrumb","itemListElement":[{"@type":"ListItem","position":1,"name":"Strona g\u0142\u00f3wna","item":"https:\/\/induserwis.pl\/uslugi\/"},{"@type":"ListItem","position":2,"name":"Polityka prywatno\u015bci"}]},{"@type":"WebSite","@id":"https:\/\/induserwis.pl\/uslugi\/#website","url":"https:\/\/induserwis.pl\/uslugi\/","name":"INDUSERWIS","description":"","publisher":{"@id":"https:\/\/induserwis.pl\/uslugi\/#organization"},"potentialAction":[{"@type":"SearchAction","target":{"@type":"EntryPoint","urlTemplate":"https:\/\/induserwis.pl\/uslugi\/?s={search_term_string}"},"query-input":"required name=search_term_string"}],"inLanguage":"pl-PL"},{"@type":"Organization","@id":"https:\/\/induserwis.pl\/uslugi\/#organization","name":"INDUSERWIS","alternateName":"INDUSERWIS","url":"https:\/\/induserwis.pl\/uslugi\/","logo":{"@type":"ImageObject","inLanguage":"pl-PL","@id":"https:\/\/induserwis.pl\/uslugi\/#\/schema\/logo\/image\/","url":"https:\/\/induserwis.pl\/uslugi\/wp-content\/uploads\/2023\/03\/Propozycja-1.png","contentUrl":"https:\/\/induserwis.pl\/uslugi\/wp-content\/uploads\/2023\/03\/Propozycja-1.png","width":548,"height":94,"caption":"INDUSERWIS"},"image":{"@id":"https:\/\/induserwis.pl\/uslugi\/#\/schema\/logo\/image\/"},"sameAs":["https:\/\/www.facebook.com\/induserwis"]}]}},"_links":{"self":[{"href":"https:\/\/induserwis.pl\/uslugi\/wp-json\/wp\/v2\/pages\/2075"}],"collection":[{"href":"https:\/\/induserwis.pl\/uslugi\/wp-json\/wp\/v2\/pages"}],"about":[{"href":"https:\/\/induserwis.pl\/uslugi\/wp-json\/wp\/v2\/types\/page"}],"author":[{"embeddable":true,"href":"https:\/\/induserwis.pl\/uslugi\/wp-json\/wp\/v2\/users\/1"}],"replies":[{"embeddable":true,"href":"https:\/\/induserwis.pl\/uslugi\/wp-json\/wp\/v2\/comments?post=2075"}],"version-history":[{"count":7,"href":"https:\/\/induserwis.pl\/uslugi\/wp-json\/wp\/v2\/pages\/2075\/revisions"}],"predecessor-version":[{"id":2083,"href":"https:\/\/induserwis.pl\/uslugi\/wp-json\/wp\/v2\/pages\/2075\/revisions\/2083"}],"wp:attachment":[{"href":"https:\/\/induserwis.pl\/uslugi\/wp-json\/wp\/v2\/media?parent=2075"}],"curies":[{"name":"wp","href":"https:\/\/api.w.org\/{rel}","templated":true}]}}