{"id":1241,"date":"2023-03-04T13:23:46","date_gmt":"2023-03-04T13:23:46","guid":{"rendered":"https:\/\/induserwis.pl\/uslugi\/?page_id=1241"},"modified":"2023-09-03T09:17:00","modified_gmt":"2023-09-03T09:17:00","slug":"o-nas-test","status":"publish","type":"page","link":"https:\/\/induserwis.pl\/uslugi\/o-nas-test\/","title":{"rendered":"O nas &#8211; test"},"content":{"rendered":"\t\t<div data-elementor-type=\"wp-page\" data-elementor-id=\"1241\" class=\"elementor elementor-1241\" data-elementor-post-type=\"page\">\n\t\t\t\t\t\t\t\t\t<section class=\"elementor-section elementor-top-section elementor-element elementor-element-bad574f elementor-section-boxed elementor-section-height-default elementor-section-height-default\" data-id=\"bad574f\" data-element_type=\"section\">\n\t\t\t\t\t\t<div class=\"elementor-container elementor-column-gap-default\">\n\t\t\t\t\t<div class=\"elementor-column elementor-col-100 elementor-top-column elementor-element elementor-element-9aa7638\" data-id=\"9aa7638\" data-element_type=\"column\">\n\t\t\t<div class=\"elementor-widget-wrap elementor-element-populated\">\n\t\t\t\t\t\t\t\t<div class=\"elementor-element elementor-element-b0b95f2 elementor-widget elementor-widget-spacer\" data-id=\"b0b95f2\" data-element_type=\"widget\" data-widget_type=\"spacer.default\">\n\t\t\t\t<div class=\"elementor-widget-container\">\n\t\t\t<style>\/*! elementor - v3.17.0 - 08-11-2023 *\/\n.elementor-column .elementor-spacer-inner{height:var(--spacer-size)}.e-con{--container-widget-width:100%}.e-con-inner>.elementor-widget-spacer,.e-con>.elementor-widget-spacer{width:var(--container-widget-width,var(--spacer-size));--align-self:var(--container-widget-align-self,initial);--flex-shrink:0}.e-con-inner>.elementor-widget-spacer>.elementor-widget-container,.e-con>.elementor-widget-spacer>.elementor-widget-container{height:100%;width:100%}.e-con-inner>.elementor-widget-spacer>.elementor-widget-container>.elementor-spacer,.e-con>.elementor-widget-spacer>.elementor-widget-container>.elementor-spacer{height:100%}.e-con-inner>.elementor-widget-spacer>.elementor-widget-container>.elementor-spacer>.elementor-spacer-inner,.e-con>.elementor-widget-spacer>.elementor-widget-container>.elementor-spacer>.elementor-spacer-inner{height:var(--container-widget-height,var(--spacer-size))}.e-con-inner>.elementor-widget-spacer.elementor-widget-empty,.e-con>.elementor-widget-spacer.elementor-widget-empty{position:relative;min-height:22px;min-width:22px}.e-con-inner>.elementor-widget-spacer.elementor-widget-empty .elementor-widget-empty-icon,.e-con>.elementor-widget-spacer.elementor-widget-empty .elementor-widget-empty-icon{position:absolute;top:0;bottom:0;left:0;right:0;margin:auto;padding:0;width:22px;height:22px}<\/style>\t\t<div class=\"elementor-spacer\">\n\t\t\t<div class=\"elementor-spacer-inner\"><\/div>\n\t\t<\/div>\n\t\t\t\t<\/div>\n\t\t\t\t<\/div>\n\t\t\t\t<div class=\"elementor-element elementor-element-f6b735b elementor-widget elementor-widget-heading\" data-id=\"f6b735b\" data-element_type=\"widget\" data-widget_type=\"heading.default\">\n\t\t\t\t<div class=\"elementor-widget-container\">\n\t\t\t<style>\/*! elementor - v3.17.0 - 08-11-2023 *\/\n.elementor-heading-title{padding:0;margin:0;line-height:1}.elementor-widget-heading .elementor-heading-title[class*=elementor-size-]>a{color:inherit;font-size:inherit;line-height:inherit}.elementor-widget-heading .elementor-heading-title.elementor-size-small{font-size:15px}.elementor-widget-heading .elementor-heading-title.elementor-size-medium{font-size:19px}.elementor-widget-heading .elementor-heading-title.elementor-size-large{font-size:29px}.elementor-widget-heading .elementor-heading-title.elementor-size-xl{font-size:39px}.elementor-widget-heading .elementor-heading-title.elementor-size-xxl{font-size:59px}<\/style><h2 class=\"elementor-heading-title elementor-size-default\">O NAS<\/h2>\t\t<\/div>\n\t\t\t\t<\/div>\n\t\t\t\t<div class=\"elementor-element elementor-element-bf3743f elementor-widget elementor-widget-spacer\" data-id=\"bf3743f\" data-element_type=\"widget\" data-widget_type=\"spacer.default\">\n\t\t\t\t<div class=\"elementor-widget-container\">\n\t\t\t\t\t<div class=\"elementor-spacer\">\n\t\t\t<div class=\"elementor-spacer-inner\"><\/div>\n\t\t<\/div>\n\t\t\t\t<\/div>\n\t\t\t\t<\/div>\n\t\t\t\t\t<\/div>\n\t\t<\/div>\n\t\t\t\t\t\t\t<\/div>\n\t\t<\/section>\n\t\t\t\t<section class=\"elementor-section elementor-top-section elementor-element elementor-element-037a077 elementor-section-boxed elementor-section-height-default elementor-section-height-default\" data-id=\"037a077\" data-element_type=\"section\" data-settings=\"{&quot;background_background&quot;:&quot;classic&quot;}\">\n\t\t\t\t\t\t<div class=\"elementor-container elementor-column-gap-default\">\n\t\t\t\t\t<div class=\"elementor-column elementor-col-100 elementor-top-column elementor-element elementor-element-76860c0\" data-id=\"76860c0\" data-element_type=\"column\">\n\t\t\t<div class=\"elementor-widget-wrap elementor-element-populated\">\n\t\t\t\t\t\t\t\t<div class=\"elementor-element elementor-element-bdbc4e1 ee-timeline-align--center ee-timeline-align-tablet--left ee-timeline-align-mobile--left ee-timeline-cards-align--top ee-timeline-cards-align-tablet--top ee-timeline-cards-align-mobile--top ee-timeline-animate elementor-widget elementor-widget-timeline\" data-id=\"bdbc4e1\" data-element_type=\"widget\" data-settings=\"{&quot;line_location&quot;:{&quot;unit&quot;:&quot;px&quot;,&quot;size&quot;:50,&quot;sizes&quot;:[]}}\" data-widget_type=\"timeline.default\">\n\t\t\t\t<div class=\"elementor-widget-container\">\n\t\t\t<section class=\"ee-timeline ee-timeline--vertical\"><div class=\"ee-timeline__line\">\n\t\t\t<div class=\"ee-timeline__line__inner\"><\/div>\n\t\t<\/div><div class=\"elementor-repeater-item-0a562e1 ee-timeline__item timeline-item\">\n\t\t\t\t<div class=\"timeline-item__point\"><span class=\"ee-icon ee-icon-support--svg ee-timeline__item__icon\"><i aria-hidden=\"true\" class=\"fas fa-calendar-alt\"><\/i><\/span><\/div>\n\t\t\t\t<div class=\"timeline-item__card-wrapper\">\n\t\t\t\t\t<div class=\"timeline-item__card\">\n\n\t\t\t\t\t\t<div class=\"timeline-item__content-wrapper\"><div class=\"timeline-item__content\"><!-- meta -->\n\t\t<div class=\"timeline-item__meta meta\">\n\t\t\t2016, listopad\t\t<\/div><div class=\"timeline-item__content__wysiwyg\">\n\t\t\t\t<h2>Induserwis SP.Z O.O.<\/h2><p>Firma Induserwis Sp. z o.o. funkcjonuje od 2016 roku, natomiast pocz\u0105tki jej dzia\u0142alno\u015bci si\u0119gaj\u0105 roku 2009. 14 lat pracy pozwoli\u0142o nam zdoby\u0107 do\u015bwiadczenie, dzi\u0119ki kt\u00f3remu <strong>jeste\u015bmy w stanie sprosta\u0107 wymaganiom nawet najbardziej skomplikowanych zam\u00f3wie\u0144 naszych Klient\u00f3w.<\/strong><\/p>\t\t\t<\/div>\n\t\t<\/div><\/div><div class=\"timeline-item__card__arrow\"><\/div><\/div>\n\t\t\t\t<\/div>\n\t\t\t\t<div class=\"timeline-item__meta-wrapper\"><!-- meta -->\n\t\t<div class=\"timeline-item__meta meta timeline-item__meta meta\">\n\t\t\t2016, listopad\t\t<\/div><\/div>\n\t\t\t<\/div><div class=\"elementor-repeater-item-28b3c53 ee-timeline__item timeline-item\">\n\t\t\t\t<div class=\"timeline-item__point\"><span class=\"ee-icon ee-icon-support--svg ee-timeline__item__icon\"><i aria-hidden=\"true\" class=\"fas fa-calendar-alt\"><\/i><\/span><\/div>\n\t\t\t\t<div class=\"timeline-item__card-wrapper\">\n\t\t\t\t\t<div class=\"timeline-item__card\">\n\n\t\t\t\t\t\t<div class=\"timeline-item__content-wrapper\"><div class=\"timeline-item__content\"><!-- meta -->\n\t\t<div class=\"timeline-item__meta meta\">\n\t\t\t2017\t\t<\/div><div class=\"timeline-item__content__wysiwyg\">\n\t\t\t\t<h2>Us\u0142ugi i produkty<\/h2><p>Dzia\u0142amy w obszarze produkcji, naprawy oraz regeneracji <strong>maszyn przemys\u0142owych<\/strong>. Zajmujemy si\u0119 r\u00f3wnie\u017c budow\u0105, remontem i serwisem <strong>przeno\u015bnik\u00f3w<\/strong> jak r\u00f3wnie\u017c <strong>obr\u00f3bk\u0105 metali<\/strong> (spawanie, napawanie, gi\u0119cie, ci\u0119cie itp.).<\/p><p>Wieloletnie do\u015bwiadczenie umo\u017cliwia nam r\u00f3wnie\u017c realizacj\u0119 nawet najbardziej skomplikowanych <strong>projekt\u00f3w konstrukcji metalowych.<\/strong><\/p>\t\t\t<\/div>\n\t\t<\/div><\/div><div class=\"timeline-item__card__arrow\"><\/div><\/div>\n\t\t\t\t<\/div>\n\t\t\t\t<div class=\"timeline-item__meta-wrapper\"><!-- meta -->\n\t\t<div class=\"timeline-item__meta meta timeline-item__meta meta\">\n\t\t\t2017\t\t<\/div><\/div>\n\t\t\t<\/div><div class=\"elementor-repeater-item-239ade0 ee-timeline__item timeline-item\">\n\t\t\t\t<div class=\"timeline-item__point\"><span class=\"ee-icon ee-icon-support--svg ee-timeline__item__icon\"><i aria-hidden=\"true\" class=\"fas fa-calendar-alt\"><\/i><\/span><\/div>\n\t\t\t\t<div class=\"timeline-item__card-wrapper\">\n\t\t\t\t\t<div class=\"timeline-item__card\">\n\n\t\t\t\t\t\t<div class=\"timeline-item__content-wrapper\"><div class=\"timeline-item__img ee-post__thumbnail\"><img loading=\"lazy\" decoding=\"async\" width=\"300\" height=\"51\" src=\"https:\/\/induserwis.pl\/uslugi\/wp-content\/uploads\/2023\/03\/Propozycja-1-300x51.png\" class=\"attachment-medium size-medium wp-image-810\" alt=\"\" srcset=\"https:\/\/induserwis.pl\/uslugi\/wp-content\/uploads\/2023\/03\/Propozycja-1-300x51.png 300w, https:\/\/induserwis.pl\/uslugi\/wp-content\/uploads\/2023\/03\/Propozycja-1.png 548w\" sizes=\"(max-width: 300px) 100vw, 300px\" \/><\/div><div class=\"timeline-item__content\"><!-- meta -->\n\t\t<div class=\"timeline-item__meta meta\">\n\t\t\t2023, marzec\t\t<\/div><div class=\"timeline-item__content__wysiwyg\">\n\t\t\t\t<h2>Zmiana nazwy Induserwis SP. Z O.O.<\/h2><p>Wraz ze wzrostem przedsi\u0119biorstwa, zmianie uleg\u0142a nazwa z Indu Pro SP.Z O.O. na Induserwis SP. Z O.O. Sp\u00f3\u0142ka\u00a0 zwi\u0105zana jest \u015bci\u015ble\u00a0z <a href=\"https:\/\/induserwis.pl\/\"><strong>Induserwis S.C.<\/strong><\/a>, aby zapewni\u0107 klientom jeszcze wi\u0119ksze mo\u017cliwo\u015bci wsp\u00f3\u0142pracy.\u00a0<\/p><p>\u00a0<\/p>\t\t\t<\/div>\n\t\t<\/div><\/div><div class=\"timeline-item__card__arrow\"><\/div><\/div>\n\t\t\t\t<\/div>\n\t\t\t\t<div class=\"timeline-item__meta-wrapper\"><!-- meta -->\n\t\t<div class=\"timeline-item__meta meta timeline-item__meta meta\">\n\t\t\t2023, marzec\t\t<\/div><\/div>\n\t\t\t<\/div><\/section>\t\t<\/div>\n\t\t\t\t<\/div>\n\t\t\t\t<div class=\"elementor-element elementor-element-509154c elementor-widget elementor-widget-spacer\" data-id=\"509154c\" data-element_type=\"widget\" data-widget_type=\"spacer.default\">\n\t\t\t\t<div class=\"elementor-widget-container\">\n\t\t\t\t\t<div class=\"elementor-spacer\">\n\t\t\t<div class=\"elementor-spacer-inner\"><\/div>\n\t\t<\/div>\n\t\t\t\t<\/div>\n\t\t\t\t<\/div>\n\t\t\t\t\t<\/div>\n\t\t<\/div>\n\t\t\t\t\t\t\t<\/div>\n\t\t<\/section>\n\t\t\t\t<section class=\"elementor-section elementor-top-section elementor-element elementor-element-698ba10 elementor-section-full_width elementor-section-stretched elementor-section-height-default elementor-section-height-default\" data-id=\"698ba10\" data-element_type=\"section\" data-settings=\"{&quot;stretch_section&quot;:&quot;section-stretched&quot;,&quot;background_background&quot;:&quot;classic&quot;}\">\n\t\t\t\t\t\t\t<div class=\"elementor-background-overlay\"><\/div>\n\t\t\t\t\t\t\t<div class=\"elementor-container elementor-column-gap-default\">\n\t\t\t\t\t<div class=\"elementor-column elementor-col-100 elementor-top-column elementor-element elementor-element-8b622a8\" data-id=\"8b622a8\" data-element_type=\"column\">\n\t\t\t<div class=\"elementor-widget-wrap elementor-element-populated\">\n\t\t\t\t\t\t\t\t<div class=\"elementor-element elementor-element-c50bd24 elementor-widget elementor-widget-spacer\" data-id=\"c50bd24\" data-element_type=\"widget\" data-widget_type=\"spacer.default\">\n\t\t\t\t<div class=\"elementor-widget-container\">\n\t\t\t\t\t<div class=\"elementor-spacer\">\n\t\t\t<div class=\"elementor-spacer-inner\"><\/div>\n\t\t<\/div>\n\t\t\t\t<\/div>\n\t\t\t\t<\/div>\n\t\t\t\t<div class=\"elementor-element elementor-element-1900d83 elementor-widget elementor-widget-heading\" data-id=\"1900d83\" data-element_type=\"widget\" data-widget_type=\"heading.default\">\n\t\t\t\t<div class=\"elementor-widget-container\">\n\t\t\t<h2 class=\"elementor-heading-title elementor-size-default\">DLACZEGO WARTO Z NAMI WSP\u00d3\u0141PRACOWA\u0106? <\/h2>\t\t<\/div>\n\t\t\t\t<\/div>\n\t\t\t\t<div class=\"elementor-element elementor-element-cb1d42b elementor-widget elementor-widget-spacer\" data-id=\"cb1d42b\" data-element_type=\"widget\" data-widget_type=\"spacer.default\">\n\t\t\t\t<div class=\"elementor-widget-container\">\n\t\t\t\t\t<div class=\"elementor-spacer\">\n\t\t\t<div class=\"elementor-spacer-inner\"><\/div>\n\t\t<\/div>\n\t\t\t\t<\/div>\n\t\t\t\t<\/div>\n\t\t\t\t<section class=\"elementor-section elementor-inner-section elementor-element elementor-element-edc6650 elementor-section-boxed elementor-section-height-default elementor-section-height-default\" data-id=\"edc6650\" data-element_type=\"section\">\n\t\t\t\t\t\t<div class=\"elementor-container elementor-column-gap-default\">\n\t\t\t\t\t<div class=\"elementor-column elementor-col-33 elementor-inner-column elementor-element elementor-element-568b891\" data-id=\"568b891\" data-element_type=\"column\">\n\t\t\t<div class=\"elementor-widget-wrap elementor-element-populated\">\n\t\t\t\t\t\t\t\t<div class=\"elementor-element elementor-element-8bf134f elementor-view-default elementor-position-top elementor-mobile-position-top elementor-widget elementor-widget-icon-box\" data-id=\"8bf134f\" data-element_type=\"widget\" data-settings=\"{&quot;motion_fx_motion_fx_scrolling&quot;:&quot;yes&quot;,&quot;motion_fx_devices&quot;:[&quot;desktop&quot;,&quot;tablet&quot;,&quot;mobile&quot;]}\" data-widget_type=\"icon-box.default\">\n\t\t\t\t<div class=\"elementor-widget-container\">\n\t\t\t<link rel=\"stylesheet\" href=\"https:\/\/induserwis.pl\/uslugi\/wp-content\/plugins\/elementor\/assets\/css\/widget-icon-box.min.css\">\t\t<div class=\"elementor-icon-box-wrapper\">\n\t\t\t\t\t\t<div class=\"elementor-icon-box-icon\">\n\t\t\t\t<span  class=\"elementor-icon elementor-animation-\">\n\t\t\t\t<i aria-hidden=\"true\" class=\"fas fa-check-circle\"><\/i>\t\t\t\t<\/span>\n\t\t\t<\/div>\n\t\t\t\t\t\t<div class=\"elementor-icon-box-content\">\n\t\t\t\t<h3 class=\"elementor-icon-box-title\">\n\t\t\t\t\t<span  >\n\t\t\t\t\t\tELASTYCZNO\u015a\u0106\t\t\t\t\t<\/span>\n\t\t\t\t<\/h3>\n\t\t\t\t\t\t\t\t\t<p class=\"elementor-icon-box-description\">\n\t\t\t\t\t\tRealizujemy zlecenia zgodne z wymogami i  potrzebami naszych klient\u00f3w. \t\t\t\t\t<\/p>\n\t\t\t\t\t\t\t<\/div>\n\t\t<\/div>\n\t\t\t\t<\/div>\n\t\t\t\t<\/div>\n\t\t\t\t\t<\/div>\n\t\t<\/div>\n\t\t\t\t<div class=\"elementor-column elementor-col-33 elementor-inner-column elementor-element elementor-element-0a2cb77\" data-id=\"0a2cb77\" data-element_type=\"column\">\n\t\t\t<div class=\"elementor-widget-wrap elementor-element-populated\">\n\t\t\t\t\t\t\t\t<div class=\"elementor-element elementor-element-5fd924e elementor-view-default elementor-position-top elementor-mobile-position-top elementor-widget elementor-widget-icon-box\" data-id=\"5fd924e\" data-element_type=\"widget\" data-widget_type=\"icon-box.default\">\n\t\t\t\t<div class=\"elementor-widget-container\">\n\t\t\t\t\t<div class=\"elementor-icon-box-wrapper\">\n\t\t\t\t\t\t<div class=\"elementor-icon-box-icon\">\n\t\t\t\t<span  class=\"elementor-icon elementor-animation-\">\n\t\t\t\t<i aria-hidden=\"true\" class=\"fas fa-comments\"><\/i>\t\t\t\t<\/span>\n\t\t\t<\/div>\n\t\t\t\t\t\t<div class=\"elementor-icon-box-content\">\n\t\t\t\t<h3 class=\"elementor-icon-box-title\">\n\t\t\t\t\t<span  >\n\t\t\t\t\t\tPROFESJONALIZM\t\t\t\t\t<\/span>\n\t\t\t\t<\/h3>\n\t\t\t\t\t\t\t\t\t<p class=\"elementor-icon-box-description\">\n\t\t\t\t\t\tNasze wieloletnie do\u015bwiadczenie umo\u017cliwia nam realizacj\u0119 projekt\u00f3w i doradztwo na najwy\u017cszym poziomie.\t\t\t\t\t<\/p>\n\t\t\t\t\t\t\t<\/div>\n\t\t<\/div>\n\t\t\t\t<\/div>\n\t\t\t\t<\/div>\n\t\t\t\t\t<\/div>\n\t\t<\/div>\n\t\t\t\t<div class=\"elementor-column elementor-col-33 elementor-inner-column elementor-element elementor-element-e8b1aa7\" data-id=\"e8b1aa7\" data-element_type=\"column\">\n\t\t\t<div class=\"elementor-widget-wrap elementor-element-populated\">\n\t\t\t\t\t\t\t\t<div class=\"elementor-element elementor-element-4c97b27 elementor-view-default elementor-position-top elementor-mobile-position-top elementor-widget elementor-widget-icon-box\" data-id=\"4c97b27\" data-element_type=\"widget\" data-widget_type=\"icon-box.default\">\n\t\t\t\t<div class=\"elementor-widget-container\">\n\t\t\t\t\t<div class=\"elementor-icon-box-wrapper\">\n\t\t\t\t\t\t<div class=\"elementor-icon-box-icon\">\n\t\t\t\t<span  class=\"elementor-icon elementor-animation-\">\n\t\t\t\t<i aria-hidden=\"true\" class=\"fas fa-handshake\"><\/i>\t\t\t\t<\/span>\n\t\t\t<\/div>\n\t\t\t\t\t\t<div class=\"elementor-icon-box-content\">\n\t\t\t\t<h3 class=\"elementor-icon-box-title\">\n\t\t\t\t\t<span  >\n\t\t\t\t\t\tZAUFANIE\t\t\t\t\t<\/span>\n\t\t\t\t<\/h3>\n\t\t\t\t\t\t\t\t\t<p class=\"elementor-icon-box-description\">\n\t\t\t\t\t\tWsp\u00f3\u0142pracujemy z przedsi\u0119biorstwami, kt\u00f3re s\u0105 wiod\u0105cymi firmami w r\u00f3\u017cnych bran\u017cach. \t\t\t\t\t<\/p>\n\t\t\t\t\t\t\t<\/div>\n\t\t<\/div>\n\t\t\t\t<\/div>\n\t\t\t\t<\/div>\n\t\t\t\t\t<\/div>\n\t\t<\/div>\n\t\t\t\t\t\t\t<\/div>\n\t\t<\/section>\n\t\t\t\t\t<\/div>\n\t\t<\/div>\n\t\t\t\t\t\t\t<\/div>\n\t\t<\/section>\n\t\t\t\t<section class=\"elementor-section elementor-top-section elementor-element elementor-element-3026d52 elementor-section-boxed elementor-section-height-default elementor-section-height-default\" data-id=\"3026d52\" data-element_type=\"section\" data-settings=\"{&quot;background_background&quot;:&quot;classic&quot;}\">\n\t\t\t\t\t\t<div class=\"elementor-container elementor-column-gap-default\">\n\t\t\t\t\t<div class=\"elementor-column elementor-col-100 elementor-top-column elementor-element elementor-element-9848402\" data-id=\"9848402\" data-element_type=\"column\">\n\t\t\t<div class=\"elementor-widget-wrap elementor-element-populated\">\n\t\t\t\t\t\t\t\t<div class=\"elementor-element elementor-element-b44cc43 elementor-widget elementor-widget-spacer\" data-id=\"b44cc43\" data-element_type=\"widget\" data-widget_type=\"spacer.default\">\n\t\t\t\t<div class=\"elementor-widget-container\">\n\t\t\t\t\t<div class=\"elementor-spacer\">\n\t\t\t<div class=\"elementor-spacer-inner\"><\/div>\n\t\t<\/div>\n\t\t\t\t<\/div>\n\t\t\t\t<\/div>\n\t\t\t\t\t<\/div>\n\t\t<\/div>\n\t\t\t\t\t\t\t<\/div>\n\t\t<\/section>\n\t\t\t\t\t\t\t<\/div>\n\t\t","protected":false},"excerpt":{"rendered":"<p>O NAS 2016, listopad Induserwis SP.Z O.O. Firma Induserwis Sp. z o.o. funkcjonuje od 2016 roku, natomiast pocz\u0105tki jej dzia\u0142alno\u015bci si\u0119gaj\u0105 roku 2009. 14 lat pracy pozwoli\u0142o nam zdoby\u0107 do\u015bwiadczenie, dzi\u0119ki kt\u00f3remu jeste\u015bmy w stanie sprosta\u0107 wymaganiom nawet najbardziej skomplikowanych zam\u00f3wie\u0144 naszych Klient\u00f3w. 2016, listopad 2017 Us\u0142ugi i produkty Dzia\u0142amy w obszarze produkcji, naprawy oraz&hellip;&nbsp;<a href=\"https:\/\/induserwis.pl\/uslugi\/o-nas-test\/\" class=\"\" rel=\"bookmark\">Czytaj dalej &raquo;<span class=\"screen-reader-text\">O nas &#8211; test<\/span><\/a><\/p>\n","protected":false},"author":1,"featured_media":0,"parent":0,"menu_order":0,"comment_status":"closed","ping_status":"closed","template":"elementor_header_footer","meta":{"_monsterinsights_skip_tracking":false,"_monsterinsights_sitenote_active":false,"_monsterinsights_sitenote_note":"","_monsterinsights_sitenote_category":0,"neve_meta_sidebar":"","neve_meta_container":"","neve_meta_enable_content_width":"on","neve_meta_content_width":100,"neve_meta_title_alignment":"","neve_meta_author_avatar":"","neve_post_elements_order":"","neve_meta_disable_header":"","neve_meta_disable_footer":"","neve_meta_disable_title":"on","footnotes":""},"aioseo_notices":[],"yoast_head":"<!-- This site is optimized with the Yoast SEO plugin v21.6 - https:\/\/yoast.com\/wordpress\/plugins\/seo\/ -->\n<title>O nas - test - INDUSERWIS<\/title>\n<meta name=\"description\" content=\"O nas - test INDUSERWIS\" \/>\n<meta name=\"robots\" content=\"index, follow, max-snippet:-1, max-image-preview:large, max-video-preview:-1\" \/>\n<link rel=\"canonical\" href=\"https:\/\/induserwis.pl\/uslugi\/o-nas-test\/\" \/>\n<meta property=\"og:locale\" content=\"pl_PL\" \/>\n<meta property=\"og:type\" content=\"article\" \/>\n<meta property=\"og:title\" content=\"O nas - test - INDUSERWIS\" \/>\n<meta property=\"og:description\" content=\"O nas - test INDUSERWIS\" \/>\n<meta property=\"og:url\" content=\"https:\/\/induserwis.pl\/uslugi\/o-nas-test\/\" \/>\n<meta property=\"og:site_name\" content=\"INDUSERWIS\" \/>\n<meta property=\"article:publisher\" content=\"https:\/\/www.facebook.com\/induserwis\" \/>\n<meta property=\"article:modified_time\" content=\"2023-09-03T09:17:00+00:00\" \/>\n<meta property=\"og:image\" content=\"https:\/\/induserwis.pl\/uslugi\/wp-content\/uploads\/2023\/03\/Propozycja-1-300x51.png\" \/>\n<meta name=\"twitter:card\" content=\"summary_large_image\" \/>\n<meta name=\"twitter:label1\" content=\"Szacowany czas czytania\" \/>\n\t<meta name=\"twitter:data1\" content=\"1 minuta\" \/>\n<script type=\"application\/ld+json\" class=\"yoast-schema-graph\">{\"@context\":\"https:\/\/schema.org\",\"@graph\":[{\"@type\":\"WebPage\",\"@id\":\"https:\/\/induserwis.pl\/uslugi\/o-nas-test\/\",\"url\":\"https:\/\/induserwis.pl\/uslugi\/o-nas-test\/\",\"name\":\"O nas - test - INDUSERWIS\",\"isPartOf\":{\"@id\":\"https:\/\/induserwis.pl\/uslugi\/#website\"},\"datePublished\":\"2023-03-04T13:23:46+00:00\",\"dateModified\":\"2023-09-03T09:17:00+00:00\",\"description\":\"O nas - test INDUSERWIS\",\"breadcrumb\":{\"@id\":\"https:\/\/induserwis.pl\/uslugi\/o-nas-test\/#breadcrumb\"},\"inLanguage\":\"pl-PL\",\"potentialAction\":[{\"@type\":\"ReadAction\",\"target\":[\"https:\/\/induserwis.pl\/uslugi\/o-nas-test\/\"]}]},{\"@type\":\"BreadcrumbList\",\"@id\":\"https:\/\/induserwis.pl\/uslugi\/o-nas-test\/#breadcrumb\",\"itemListElement\":[{\"@type\":\"ListItem\",\"position\":1,\"name\":\"Strona g\u0142\u00f3wna\",\"item\":\"https:\/\/induserwis.pl\/uslugi\/\"},{\"@type\":\"ListItem\",\"position\":2,\"name\":\"O nas &#8211; test\"}]},{\"@type\":\"WebSite\",\"@id\":\"https:\/\/induserwis.pl\/uslugi\/#website\",\"url\":\"https:\/\/induserwis.pl\/uslugi\/\",\"name\":\"INDUSERWIS\",\"description\":\"\",\"publisher\":{\"@id\":\"https:\/\/induserwis.pl\/uslugi\/#organization\"},\"potentialAction\":[{\"@type\":\"SearchAction\",\"target\":{\"@type\":\"EntryPoint\",\"urlTemplate\":\"https:\/\/induserwis.pl\/uslugi\/?s={search_term_string}\"},\"query-input\":\"required name=search_term_string\"}],\"inLanguage\":\"pl-PL\"},{\"@type\":\"Organization\",\"@id\":\"https:\/\/induserwis.pl\/uslugi\/#organization\",\"name\":\"INDUSERWIS\",\"alternateName\":\"INDUSERWIS\",\"url\":\"https:\/\/induserwis.pl\/uslugi\/\",\"logo\":{\"@type\":\"ImageObject\",\"inLanguage\":\"pl-PL\",\"@id\":\"https:\/\/induserwis.pl\/uslugi\/#\/schema\/logo\/image\/\",\"url\":\"https:\/\/induserwis.pl\/uslugi\/wp-content\/uploads\/2023\/03\/Propozycja-1.png\",\"contentUrl\":\"https:\/\/induserwis.pl\/uslugi\/wp-content\/uploads\/2023\/03\/Propozycja-1.png\",\"width\":548,\"height\":94,\"caption\":\"INDUSERWIS\"},\"image\":{\"@id\":\"https:\/\/induserwis.pl\/uslugi\/#\/schema\/logo\/image\/\"},\"sameAs\":[\"https:\/\/www.facebook.com\/induserwis\"]}]}<\/script>\n<!-- \/ Yoast SEO plugin. -->","yoast_head_json":{"title":"O nas - test - INDUSERWIS","description":"O nas - test INDUSERWIS","robots":{"index":"index","follow":"follow","max-snippet":"max-snippet:-1","max-image-preview":"max-image-preview:large","max-video-preview":"max-video-preview:-1"},"canonical":"https:\/\/induserwis.pl\/uslugi\/o-nas-test\/","og_locale":"pl_PL","og_type":"article","og_title":"O nas - test - INDUSERWIS","og_description":"O nas - test INDUSERWIS","og_url":"https:\/\/induserwis.pl\/uslugi\/o-nas-test\/","og_site_name":"INDUSERWIS","article_publisher":"https:\/\/www.facebook.com\/induserwis","article_modified_time":"2023-09-03T09:17:00+00:00","og_image":[{"url":"https:\/\/induserwis.pl\/uslugi\/wp-content\/uploads\/2023\/03\/Propozycja-1-300x51.png"}],"twitter_card":"summary_large_image","twitter_misc":{"Szacowany czas czytania":"1 minuta"},"schema":{"@context":"https:\/\/schema.org","@graph":[{"@type":"WebPage","@id":"https:\/\/induserwis.pl\/uslugi\/o-nas-test\/","url":"https:\/\/induserwis.pl\/uslugi\/o-nas-test\/","name":"O nas - test - INDUSERWIS","isPartOf":{"@id":"https:\/\/induserwis.pl\/uslugi\/#website"},"datePublished":"2023-03-04T13:23:46+00:00","dateModified":"2023-09-03T09:17:00+00:00","description":"O nas - test INDUSERWIS","breadcrumb":{"@id":"https:\/\/induserwis.pl\/uslugi\/o-nas-test\/#breadcrumb"},"inLanguage":"pl-PL","potentialAction":[{"@type":"ReadAction","target":["https:\/\/induserwis.pl\/uslugi\/o-nas-test\/"]}]},{"@type":"BreadcrumbList","@id":"https:\/\/induserwis.pl\/uslugi\/o-nas-test\/#breadcrumb","itemListElement":[{"@type":"ListItem","position":1,"name":"Strona g\u0142\u00f3wna","item":"https:\/\/induserwis.pl\/uslugi\/"},{"@type":"ListItem","position":2,"name":"O nas &#8211; test"}]},{"@type":"WebSite","@id":"https:\/\/induserwis.pl\/uslugi\/#website","url":"https:\/\/induserwis.pl\/uslugi\/","name":"INDUSERWIS","description":"","publisher":{"@id":"https:\/\/induserwis.pl\/uslugi\/#organization"},"potentialAction":[{"@type":"SearchAction","target":{"@type":"EntryPoint","urlTemplate":"https:\/\/induserwis.pl\/uslugi\/?s={search_term_string}"},"query-input":"required name=search_term_string"}],"inLanguage":"pl-PL"},{"@type":"Organization","@id":"https:\/\/induserwis.pl\/uslugi\/#organization","name":"INDUSERWIS","alternateName":"INDUSERWIS","url":"https:\/\/induserwis.pl\/uslugi\/","logo":{"@type":"ImageObject","inLanguage":"pl-PL","@id":"https:\/\/induserwis.pl\/uslugi\/#\/schema\/logo\/image\/","url":"https:\/\/induserwis.pl\/uslugi\/wp-content\/uploads\/2023\/03\/Propozycja-1.png","contentUrl":"https:\/\/induserwis.pl\/uslugi\/wp-content\/uploads\/2023\/03\/Propozycja-1.png","width":548,"height":94,"caption":"INDUSERWIS"},"image":{"@id":"https:\/\/induserwis.pl\/uslugi\/#\/schema\/logo\/image\/"},"sameAs":["https:\/\/www.facebook.com\/induserwis"]}]}},"_links":{"self":[{"href":"https:\/\/induserwis.pl\/uslugi\/wp-json\/wp\/v2\/pages\/1241"}],"collection":[{"href":"https:\/\/induserwis.pl\/uslugi\/wp-json\/wp\/v2\/pages"}],"about":[{"href":"https:\/\/induserwis.pl\/uslugi\/wp-json\/wp\/v2\/types\/page"}],"author":[{"embeddable":true,"href":"https:\/\/induserwis.pl\/uslugi\/wp-json\/wp\/v2\/users\/1"}],"replies":[{"embeddable":true,"href":"https:\/\/induserwis.pl\/uslugi\/wp-json\/wp\/v2\/comments?post=1241"}],"version-history":[{"count":25,"href":"https:\/\/induserwis.pl\/uslugi\/wp-json\/wp\/v2\/pages\/1241\/revisions"}],"predecessor-version":[{"id":1626,"href":"https:\/\/induserwis.pl\/uslugi\/wp-json\/wp\/v2\/pages\/1241\/revisions\/1626"}],"wp:attachment":[{"href":"https:\/\/induserwis.pl\/uslugi\/wp-json\/wp\/v2\/media?parent=1241"}],"curies":[{"name":"wp","href":"https:\/\/api.w.org\/{rel}","templated":true}]}}